{"id":19418,"date":"2023-05-14T15:34:23","date_gmt":"2023-05-14T13:34:23","guid":{"rendered":"https:\/\/hasznalt-ora.hu\/1679760943365\/?post_type=product&#038;p=19418"},"modified":"2023-05-14T15:36:47","modified_gmt":"2023-05-14T13:36:47","slug":"egyenleg-feltoltes-10-kredit-3790-ft","status":"publish","type":"product","link":"https:\/\/hasznalt-ora.hu\/en\/product\/egyenleg-feltoltes-10-kredit-3790-ft\/","title":{"rendered":"Egyenleg felt\u00f6lt\u00e9s: 10 kredit (3790 Ft)"},"content":{"rendered":"<p>Egyenleg felt\u00f6lt\u00e9s: 10 kredit (3790 Ft)<\/p>","protected":false},"excerpt":{"rendered":"<p>Egyenleg felt\u00f6lt\u00e9s: 10 kredit (3790 Ft)<\/p>","protected":false},"featured_media":0,"template":"","meta":[],"product_brand":[],"product_cat":[4696],"product_tag":[],"class_list":{"0":"post-19418","1":"product","2":"type-product","3":"status-publish","5":"product_cat-egyenleg-feltoltes","7":"first","8":"instock","9":"virtual","10":"sold-individually","11":"purchasable","12":"product-type-simple"},"yoast_head":"<!-- This site is optimized with the Yoast SEO plugin v26.3 - https:\/\/yoast.com\/wordpress\/plugins\/seo\/ -->\n<title>Egyenleg felt\u00f6lt\u00e9s: 10 kredit (3790 Ft) - HASZN\u00c1LT-\u00d3RA.HU<\/title>\n<meta name=\"robots\" content=\"index, follow, max-snippet:-1, max-image-preview:large, max-video-preview:-1\" \/>\n<link rel=\"canonical\" href=\"https:\/\/hasznalt-ora.hu\/en\/product\/egyenleg-feltoltes-10-kredit-3790-ft\/\" \/>\n<meta name=\"twitter:label1\" content=\"Est. reading time\" \/>\n\t<meta name=\"twitter:data1\" content=\"1 minute\" \/>\n<script type=\"application\/ld+json\" class=\"yoast-schema-graph\">{\"@context\":\"https:\/\/schema.org\",\"@graph\":[{\"@type\":\"WebPage\",\"@id\":\"https:\/\/hasznalt-ora.hu\/termek\/egyenleg-feltoltes-10-kredit-3790-ft\/\",\"url\":\"https:\/\/hasznalt-ora.hu\/termek\/egyenleg-feltoltes-10-kredit-3790-ft\/\",\"name\":\"Egyenleg felt\u00f6lt\u00e9s: 10 kredit (3790 Ft) - HASZN\u00c1LT-\u00d3RA.HU\",\"isPartOf\":{\"@id\":\"https:\/\/hasznalt-ora.hu\/#website\"},\"datePublished\":\"2023-05-14T13:34:23+00:00\",\"dateModified\":\"2023-05-14T13:36:47+00:00\",\"breadcrumb\":{\"@id\":\"https:\/\/hasznalt-ora.hu\/termek\/egyenleg-feltoltes-10-kredit-3790-ft\/#breadcrumb\"},\"inLanguage\":\"en-US\",\"potentialAction\":[{\"@type\":\"ReadAction\",\"target\":[\"https:\/\/hasznalt-ora.hu\/termek\/egyenleg-feltoltes-10-kredit-3790-ft\/\"]}]},{\"@type\":\"BreadcrumbList\",\"@id\":\"https:\/\/hasznalt-ora.hu\/termek\/egyenleg-feltoltes-10-kredit-3790-ft\/#breadcrumb\",\"itemListElement\":[{\"@type\":\"ListItem\",\"position\":1,\"name\":\"Kezd\u0151lap\",\"item\":\"https:\/\/hasznalt-ora.hu\/\"},{\"@type\":\"ListItem\",\"position\":2,\"name\":\"Egyenleg felt\u00f6lt\u00e9s: 10 kredit (3790 Ft)\"}]},{\"@type\":\"WebSite\",\"@id\":\"https:\/\/hasznalt-ora.hu\/#website\",\"url\":\"https:\/\/hasznalt-ora.hu\/\",\"name\":\"HASZN\u00c1LT-\u00d3RA.HU\",\"description\":\"A magyar haszn\u00e1lt \u00f3ra piact\u00e9r\",\"publisher\":{\"@id\":\"https:\/\/hasznalt-ora.hu\/#organization\"},\"potentialAction\":[{\"@type\":\"SearchAction\",\"target\":{\"@type\":\"EntryPoint\",\"urlTemplate\":\"https:\/\/hasznalt-ora.hu\/?s={search_term_string}\"},\"query-input\":{\"@type\":\"PropertyValueSpecification\",\"valueRequired\":true,\"valueName\":\"search_term_string\"}}],\"inLanguage\":\"en-US\"},{\"@type\":\"Organization\",\"@id\":\"https:\/\/hasznalt-ora.hu\/#organization\",\"name\":\"HASZN\u00c1LT-\u00d3RA.HU\",\"url\":\"https:\/\/hasznalt-ora.hu\/\",\"logo\":{\"@type\":\"ImageObject\",\"inLanguage\":\"en-US\",\"@id\":\"https:\/\/hasznalt-ora.hu\/#\/schema\/logo\/image\/\",\"url\":\"https:\/\/hasznalt-ora.hu\/wp-content\/uploads\/2021\/07\/hasznalt_ora_k_2-scaled.jpg\",\"contentUrl\":\"https:\/\/hasznalt-ora.hu\/wp-content\/uploads\/2021\/07\/hasznalt_ora_k_2-scaled.jpg\",\"width\":2560,\"height\":1612,\"caption\":\"HASZN\u00c1LT-\u00d3RA.HU\"},\"image\":{\"@id\":\"https:\/\/hasznalt-ora.hu\/#\/schema\/logo\/image\/\"},\"sameAs\":[\"https:\/\/www.facebook.com\/groups\/hasznaltorakpiactere\"]}]}<\/script>\n<!-- \/ Yoast SEO plugin. -->","yoast_head_json":{"title":"Egyenleg felt\u00f6lt\u00e9s: 10 kredit (3790 Ft) - HASZN\u00c1LT-\u00d3RA.HU","robots":{"index":"index","follow":"follow","max-snippet":"max-snippet:-1","max-image-preview":"max-image-preview:large","max-video-preview":"max-video-preview:-1"},"canonical":"https:\/\/hasznalt-ora.hu\/en\/product\/egyenleg-feltoltes-10-kredit-3790-ft\/","twitter_misc":{"Est. reading time":"1 minute"},"schema":{"@context":"https:\/\/schema.org","@graph":[{"@type":"WebPage","@id":"https:\/\/hasznalt-ora.hu\/termek\/egyenleg-feltoltes-10-kredit-3790-ft\/","url":"https:\/\/hasznalt-ora.hu\/termek\/egyenleg-feltoltes-10-kredit-3790-ft\/","name":"Egyenleg felt\u00f6lt\u00e9s: 10 kredit (3790 Ft) - HASZN\u00c1LT-\u00d3RA.HU","isPartOf":{"@id":"https:\/\/hasznalt-ora.hu\/#website"},"datePublished":"2023-05-14T13:34:23+00:00","dateModified":"2023-05-14T13:36:47+00:00","breadcrumb":{"@id":"https:\/\/hasznalt-ora.hu\/termek\/egyenleg-feltoltes-10-kredit-3790-ft\/#breadcrumb"},"inLanguage":"en-US","potentialAction":[{"@type":"ReadAction","target":["https:\/\/hasznalt-ora.hu\/termek\/egyenleg-feltoltes-10-kredit-3790-ft\/"]}]},{"@type":"BreadcrumbList","@id":"https:\/\/hasznalt-ora.hu\/termek\/egyenleg-feltoltes-10-kredit-3790-ft\/#breadcrumb","itemListElement":[{"@type":"ListItem","position":1,"name":"Kezd\u0151lap","item":"https:\/\/hasznalt-ora.hu\/"},{"@type":"ListItem","position":2,"name":"Egyenleg felt\u00f6lt\u00e9s: 10 kredit (3790 Ft)"}]},{"@type":"WebSite","@id":"https:\/\/hasznalt-ora.hu\/#website","url":"https:\/\/hasznalt-ora.hu\/","name":"HASZN\u00c1LT-\u00d3RA.HU","description":"A magyar haszn\u00e1lt \u00f3ra piact\u00e9r","publisher":{"@id":"https:\/\/hasznalt-ora.hu\/#organization"},"potentialAction":[{"@type":"SearchAction","target":{"@type":"EntryPoint","urlTemplate":"https:\/\/hasznalt-ora.hu\/?s={search_term_string}"},"query-input":{"@type":"PropertyValueSpecification","valueRequired":true,"valueName":"search_term_string"}}],"inLanguage":"en-US"},{"@type":"Organization","@id":"https:\/\/hasznalt-ora.hu\/#organization","name":"HASZN\u00c1LT-\u00d3RA.HU","url":"https:\/\/hasznalt-ora.hu\/","logo":{"@type":"ImageObject","inLanguage":"en-US","@id":"https:\/\/hasznalt-ora.hu\/#\/schema\/logo\/image\/","url":"https:\/\/hasznalt-ora.hu\/wp-content\/uploads\/2021\/07\/hasznalt_ora_k_2-scaled.jpg","contentUrl":"https:\/\/hasznalt-ora.hu\/wp-content\/uploads\/2021\/07\/hasznalt_ora_k_2-scaled.jpg","width":2560,"height":1612,"caption":"HASZN\u00c1LT-\u00d3RA.HU"},"image":{"@id":"https:\/\/hasznalt-ora.hu\/#\/schema\/logo\/image\/"},"sameAs":["https:\/\/www.facebook.com\/groups\/hasznaltorakpiactere"]}]}},"_links":{"self":[{"href":"https:\/\/hasznalt-ora.hu\/en\/wp-json\/wp\/v2\/product\/19418","targetHints":{"allow":["GET"]}}],"collection":[{"href":"https:\/\/hasznalt-ora.hu\/en\/wp-json\/wp\/v2\/product"}],"about":[{"href":"https:\/\/hasznalt-ora.hu\/en\/wp-json\/wp\/v2\/types\/product"}],"wp:attachment":[{"href":"https:\/\/hasznalt-ora.hu\/en\/wp-json\/wp\/v2\/media?parent=19418"}],"wp:term":[{"taxonomy":"product_brand","embeddable":true,"href":"https:\/\/hasznalt-ora.hu\/en\/wp-json\/wp\/v2\/product_brand?post=19418"},{"taxonomy":"product_cat","embeddable":true,"href":"https:\/\/hasznalt-ora.hu\/en\/wp-json\/wp\/v2\/product_cat?post=19418"},{"taxonomy":"product_tag","embeddable":true,"href":"https:\/\/hasznalt-ora.hu\/en\/wp-json\/wp\/v2\/product_tag?post=19418"}],"curies":[{"name":"wp","href":"https:\/\/api.w.org\/{rel}","templated":true}]}}