{"id":2884,"date":"2021-07-18T11:32:50","date_gmt":"2021-07-18T09:32:50","guid":{"rendered":"https:\/\/sbho01.webnpro.hu\/?page_id=2884"},"modified":"2023-05-14T18:46:57","modified_gmt":"2023-05-14T16:46:57","slug":"mukodesi-szabalyzat","status":"publish","type":"page","link":"https:\/\/hasznalt-ora.hu\/en\/mukodesi-szabalyzat\/","title":{"rendered":"M\u0171k\u00f6d\u00e9si szab\u00e1lyzat"},"content":{"rendered":"<h1 class=\"wp-block-heading\" id=\"h-m-k-d-si-szab-lyzat\">M\u0171k\u00f6d\u00e9si szab\u00e1lyzat<\/h1><h2 class=\"wp-block-heading\" id=\"h-a-tov-bbiakban-szf\">(a tov\u00e1bbiakban: \u00c1SZF)<\/h2><p>2023. 05. 08. NAPJ\u00c1T\u00d3L HAT\u00c1LYOS<\/p><p>A jelen felhaszn\u00e1l\u00e1si felt\u00e9telek (a tov\u00e1bbiakban: Szab\u00e1lyzat) Szijj\u00e1rt\u00f3 \u00e9s Fia Bt., a tov\u00e1bbiakban: \u00dczemeltet\u0151) \u00e1ltal \u00fczemeltetett www.hasznalt-ora.hu internetes weboldalon (tov\u00e1bbiakban: Weboldal) kereszt\u00fcl el\u00e9rhet\u0151 szolg\u00e1ltat\u00e1sok (a tov\u00e1bbiakban: Szolg\u00e1ltat\u00e1s) ig\u00e9nybev\u00e9tel\u00e9nek \u00e9s a Weblap haszn\u00e1lat\u00e1nak felt\u00e9teleit tartalmazza.<\/p><p><strong>Az oldal \u00fczemeltet\u0151je:<\/strong><\/p><p>Szijj\u00e1rt\u00f3 \u00e9s Fia Bt.<\/p><p>1173 Budapest, \u00c1sv\u00e1ny utca 14.<\/p><p>Nyilv\u00e1ntart\u00e1si sz\u00e1m: 01 06 613235<\/p><p>Ad\u00f3sz\u00e1m: 28899387-1-42<\/p><p><\/p><p>Az esetleges f\u00e9lre\u00e9rt\u00e9sek elker\u00fcl\u00e9se v\u00e9get, m\u00e9g a hirdet\u0151vel, vagy vev\u0151vel t\u00f6rt\u00e9n\u0151 kapcsolatba l\u00e9p\u00e9s el\u0151tt k\u00e9rj\u00fck, hogy olvassa el az al\u00e1bbi \u00c1SZF-et.<\/p><p>Jelen \u00e1ltal\u00e1nos szerz\u0151d\u00e9si felt\u00e9telek valamennyi hirdet\u00e9si- \u00e9s egy\u00e9b szerz\u0151d\u00e9sre (tov\u00e1bbiakban: hirdet\u00e9si szerz\u0151d\u00e9s) ir\u00e1nyad\u00f3ak, felt\u00e9ve, hogy szerz\u0151d\u0151 felek \u00edr\u00e1sbeli meg\u00e1llapod\u00e1sa ett\u0151l elt\u00e9r\u0151en nem rendelkezik.<\/p><p>Jelen Szab\u00e1lyzat szempontj\u00e1b\u00f3l felhaszn\u00e1l\u00f3nak (a tov\u00e1bbiakban: Felhaszn\u00e1l\u00f3) min\u0151s\u00fcl minden olyan szem\u00e9ly, aki megtekinti a Weblapot, a weboldalon hirdet\u00e9st helyez el, a weboldalon term\u00e9ket k\u00edn\u00e1l elad\u00e1sra, a weboldalon a term\u00e9k ir\u00e1nt \u00e9rdekl\u0151dik, avagy a term\u00e9kre aj\u00e1nlatot tesz.<\/p><p>A jelen weboldal k\u00eds\u00e9rleti \u00e9s t\u00e1j\u00e9koztat\u00f3 jelleggel k\u00e9sz\u00fclt \u00e9s annak tartalma szerint ingyenes felhaszn\u00e1l\u00e1st \u00e9s kapcsolatot biztos\u00edt \u00f3r\u00e1k, alkatr\u00e9szek , szersz\u00e1mok, kieg\u00e9sz\u00edt\u0151k \/\u00faj-haszn\u00e1lt\/ elad\u00f3i \u00e9s esetlegesen annak vev\u0151i k\u00f6z\u00f6tt, de csak a kapcsolatot teremti meg a Felek k\u00f6z\u00f6tt, \u00edgy az ad\u00e1sv\u00e9tel minden egy\u00e9b r\u00e9szlete a felek meg\u00e1llapod\u00e1s\u00e1n m\u00falik, arra az \u00dczemeltet\u0151 felel\u0151ss\u00e9ge nem terjed ki.<\/p><p>A honlapot minden ig\u00e9nybe vev\u0151 kiz\u00e1r\u00f3lag a saj\u00e1t kock\u00e1zat\u00e1ra \u00e9s felel\u0151ss\u00e9g\u00e9re haszn\u00e1lhatja. A honlap megtekint\u00e9se \u00e9s az azon t\u00f6rt\u00e9n\u0151 keres\u00e9s ingyenesen \u00e9s regisztr\u00e1ci\u00f3 n\u00e9lk\u00fcl t\u00f6rt\u00e9nik.<\/p><p>A Felhaszn\u00e1l\u00f3nak jogosult\u00e1ga van a Weboldalt megtekintetni, jogosults\u00e1ga van a saj\u00e1t adatainak a megad\u00e1sa ut\u00e1n felhaszn\u00e1l\u00f3i fi\u00f3kot l\u00e9trehozni \u00e9s jogosult korl\u00e1tlan sz\u00e1m\u00fa ingyenes hirdet\u00e9st l\u00e9trehozni, amelyhez az \u00fczemeltet\u0151 csak a hirdet\u00e9si helyet biztos\u00edtja, amely esetekben a felhaszn\u00e1l\u00f3 jelen \u00c1SZ-et elfogadja \u00e9s mag\u00e1ra n\u00e9zve k\u00f6telez\u0151nek ismeri azt el, \u00e9s k\u00f6teles az \u00c1SZF-et betartani.<\/p><p>Az \u00dczemeltet\u0151 minden esetben fenntartja mag\u00e1nak azt a jog\u00e1t, hogy ki hozhat l\u00e9tre a weboldalon felhaszn\u00e1l\u00f3i fi\u00f3kot \u00e9s a felhaszn\u00e1l\u00f3i fi\u00f3kot a jogosult jogosults\u00e1ga n\u00e9lk\u00fcl is t\u00f6r\u00f6lheti, amennyiben \u00fagy \u00edt\u00e9leti meg, hogy a felhaszn\u00e1l\u00f3 az \u00c1SZF-et nem tartja be.<\/p><p>A weboldal haszn\u00e1lata ingyenes \u00e9s annak tartalma kiz\u00e1r\u00f3lag t\u00e1j\u00e9koztat\u00f3 jelleg\u0171. A tartalom hi\u00e1nyai miatt az \u00dczemeltet\u0151 nem v\u00e1llal felel\u0151ss\u00e9get. Az \u00fczemeltet\u0151 jogosult a weboldalt a felhaszn\u00e1l\u00f3k hozz\u00e1j\u00e1rul\u00e1sa n\u00e9lk\u00fcl megv\u00e1ltoztatni, amelyr\u0151l \u00e9rtes\u00edt\u00e9st nem k\u00f6teles k\u00fcldeni.<\/p><p>A felhaszn\u00e1l\u00f3 csak olyan sz\u00f6veget, vagy k\u00e9pi anyagot t\u00f6lthet fel a weboldalra, amely a jelen weboldal t\u00e9m\u00e1j\u00e1val kapcsolatos, jogszab\u00e1lyba, szerz\u0151d\u00e9sbe \u00e9s egy\u00e9b akad\u00e1lyba nem \u00fctk\u00f6zik \u00e9s mindenkor megfelel a j\u00f3hiszem\u0171s\u00e9g \u00e9s tisztess\u00e9g alapelv\u00e9nek.<\/p><p>Az \u00dczemeltet\u0151 nem k\u00f6teles ellen\u0151rizni a felhaszn\u00e1l\u00f3 \u00e1ltal saj\u00e1t mag\u00e1r\u00f3l, avagy term\u00e9k\u00e9r\u0151l megadott adatokat, \u00edgy a hirdet\u00e9seket m\u00f3dos\u00edthatja, t\u00f6r\u00f6lheti \u00e9s tartalm\u00e1\u00e9rt az \u00dczemeltet\u0151 semmilyen felel\u0151ss\u00e9get nem v\u00e1llal. A weblap ingyeness\u00e9ge ok\u00e1n az \u00dczemeltet\u0151 nem v\u00e1llal semmilyen felel\u0151ss\u00e9get a szolg\u00e1ltat\u00e1s\u00e1nak m\u0171k\u00f6d\u00e9s\u00e9\u00e9rt \u00e9s annak tartalm\u00e1\u00e9rt sem, mivel a jelen weboldalon a Felhaszn\u00e1l\u00f3 min\u0151s\u00fcl szolg\u00e1ltat\u00f3nak.<\/p><p>A szolg\u00e1ltat\u00e1ssal kapcsolatos jogs\u00e9rt\u00e9sek eset\u00e9n az \u00fczemeltet\u0151 a jogszab\u00e1lyok \u00e1ltal megk\u00edv\u00e1nt keretek k\u00f6z\u00f6tt egy\u00fcttm\u0171k\u00f6dik a hat\u00f3s\u00e1gokkal a jogs\u00e9rt\u00e9st elk\u00f6vet\u0151 szem\u00e9lyek felel\u0151ss\u00e9gre von\u00e1sa \u00e9rdek\u00e9ben.<\/p><p>Felhaszn\u00e1l\u00f3 viseli a szolg\u00e1ltat\u00e1s haszn\u00e1lat\u00e1val j\u00e1r\u00f3 valamennyi kock\u00e1zatot \u00e9s felel\u0151ss\u00e9get is, ide\u00e9rtve t\u00f6bbek k\u00f6z\u00f6tt a m\u00e1s felhaszn\u00e1l\u00f3k \u00e1ltal a szolg\u00e1ltat\u00e1s \u00e1ltal hozz\u00e1f\u00e9rhet\u0151v\u00e9 vagy el\u00e9rhet\u0151v\u00e9 tett k\u00e1ros tartalmak \u00e1ltal a Felhaszn\u00e1l\u00f3 sz\u00e1m\u00edt\u00f3g\u00e9pes rendszer\u00e9ben okozott k\u00e1rok \u00e9s egy\u00e9b vesztes\u00e9gek kock\u00e1zat\u00e1t, valamint a haszn\u00e1lat sor\u00e1n Felhaszn\u00e1l\u00f3n\u00e1l keletkezett \u00e9s a m\u00e1soknak okozott k\u00e1rt is.<\/p><p>A honlap az \u00dczemeltet\u0151 szellemi tulajdon\u00e1t k\u00e9pezi \u00e9s el\u0151zetes \u00edr\u00e1sbeli enged\u00e9lye n\u00e9lk\u00fcl r\u00e9szben vagy eg\u00e9szben t\u00f6rt\u00e9n\u0151 b\u00e1rmilyen jelleg\u0171 felhaszn\u00e1l\u00e1sa tilos.<\/p><p>Az \u00fczemeltet\u0151, felhaszn\u00e1l\u00f3 \u00e9s vev\u0151 k\u00f6z\u00f6tt esetlegesen fenn\u00e1ll\u00f3 jogvita nem fogyaszt\u00f3i vita, mivel a honlapot az \u00fczemeletet\u0151 mag\u00e1nszem\u00e9ly ingyenesen biztos\u00edtja \u00e9s az esetleges szolg\u00e1ltat\u00e1s\u00e9rt d\u00edjat nem sz\u00e1m\u00edt fel.<\/p><p>Hirdet\u00e9s kiemel\u00e9si rendszer m\u0171k\u00f6dik a honlapon, ennek a haszn\u00e1lata d\u00edjk\u00f6teles!<\/p><p>Hirdet\u00e9s kiemel\u00e9s kreditrendszerben t\u00f6rt\u00e9nik, amit a felhaszn\u00e1l\u00f3 t\u00f6bbf\u00e9le csomagban tud megv\u00e1s\u00e1rolni! A krediteket elektronikusan lehet megv\u00e1s\u00e1rolni! Megv\u00e1s\u00e1rolt kreditek visszafizet\u00e9s\u00e9re nincs lehet\u0151s\u00e9g, m\u00e9g felhaszn\u00e1l\u00f3i fi\u00f3k t\u00f6rl\u00e9se eset\u00e9n sincs!<\/p><p>Az online bankk\u00e1rty\u00e1s fizet\u00e9sek a Barion rendszer\u00e9n kereszt\u00fcl val\u00f3sulnak meg. A bankk\u00e1rtya adatok a keresked\u0151h\u00f6z nem jutnak el. A szolg\u00e1ltat\u00e1st ny\u00fajt\u00f3 Barion Payment Zrt. a Magyar Nemzeti Bank fel\u00fcgyelete alatt \u00e1ll\u00f3 int\u00e9zm\u00e9ny, enged\u00e9ly\u00e9nek sz\u00e1ma: H-EN-I-1064\/2013.<\/p><p>Sz\u00e1ml\u00e1t a megadott adatok alapj\u00e1n tudjuk ki\u00e1ll\u00edtani!<\/p><h3 class=\"wp-block-heading\" id=\"h-az-oldal-haszn-lat-val-kapcsolatos-alapvet-inform-ci-k\">Az oldal haszn\u00e1lat\u00e1val kapcsolatos alapvet\u0151 inform\u00e1ci\u00f3k:<\/h3><p><strong>Elad\u00f3kra vonatkoz\u00f3 szab\u00e1lyok \u00e9s elj\u00e1r\u00e1srend:<\/strong><\/p><p>Nincs elad\u00e1s ut\u00e1ni jutal\u00e9k, ez nagyon fontos a t\u00f6bbi hirdet\u00e9si port\u00e1llal szemben!<\/p><p>Hirdet\u00e9st regisztr\u00e1ci\u00f3t k\u00f6vet\u0151en lehet feladni! Hirdet\u0151vel csak is regisztr\u00e1ci\u00f3 ut\u00e1n lehet felvenni a kapcsolatot! Ez mindenki biztons\u00e1g\u00e1t \u00e9s az esetleges csal\u00f3k t\u00e1voltart\u00e1s\u00e1t seg\u00edti el\u0151!<\/p><p>Fontos a j\u00f3l dokument\u00e1lt hirdet\u00e9s, pontos adatok megad\u00e1sa \u00e9s az \u00e9les sz\u00e9p t\u00f6bb sz\u00f6gb\u0151l k\u00e9sz\u00fclt fot\u00f3!<\/p><p>Regisztr\u00e1lt felhaszn\u00e1l\u00f3 adatai felhaszn\u00e1l\u00f3n\u00e9v az email c\u00edm \u00e9s a telefonsz\u00e1m megjelenik a hirdet\u00e9sn\u00e9l!<\/p><p class=\"has-vivid-red-color has-text-color\"><strong>Els\u0151 \u00e9s legfontosabb alapelv\u00fcnk, hogy HAMIS, illetve B\u0170NCSELEKM\u00c9NYB\u0150L SZ\u00c1RMAZ\u00d3, illetve REPLIKA \u00f3r\u00e1k hirdet\u00e9se tilos \u00e9s azonnali kiz\u00e1r\u00e1st von maga ut\u00e1n!<\/strong><\/p><p>Ha a hirdet\u0151 szab\u00e1lyt szeg automatikusan t\u00f6rl\u0151dik a felhaszn\u00e1l\u00f3i fi\u00f3kja, f\u00fcggetlen att\u00f3l, hogy v\u00e1s\u00e1rolt e kreditet vagy nem a kreditek vissza nem fizethet\u0151k semmilyen c\u00e9lb\u00f3l csak felhaszn\u00e1lhat\u00f3k a honlapon!<\/p><p>Minden hirdet\u0151, felhaszn\u00e1l\u00f3 az oldalra t\u00f6rt\u00e9n\u0151 b\u00e1rmilyen adat felt\u00fcntet\u00e9s\u00e9vel a b\u00fcntet\u0151jogi felel\u0151ss\u00e9ge tudat\u00e1ban kijelenti, hogy az \u00e1ltala elad\u00e1sra hirdetett \u00f3ra a saj\u00e1t tulajdon\u00e1t k\u00e9pezi, nem k\u00f6thet\u0151 b\u0171ncselekm\u00e9nyhez!<\/p><p>Az oldal \u00fczemeltet\u0151je a hirdet\u00e9s val\u00f3dis\u00e1g\u00e1\u00e9rt nem felel \u00e9s felel\u0151ss\u00e9gre se vonhat\u00f3!<br>Minden hirdet\u00e9s ellen\u0151rz\u00e9sre ker\u00fcl, \u00e9s addig a hirdet\u00e9s nem jelenik meg am\u00edg az adminisztr\u00e1tor erre enged\u00e9lyt nem ad.<\/p><p>Minden hirdet\u00e9s b\u00e1rmikor m\u00f3dos\u00edthat\u00f3 a felhaszn\u00e1l\u00f3 \u00e1ltal l\u00e9trehozott felhaszn\u00e1l\u00f3i fi\u00f3kba (vez\u00e9rl\u0151pult men\u00fc alatt)!<\/p><p>Felt\u00f6lt\u00f6tt hirdet\u00e9sek nem ker\u00fclnek ellen\u0151rz\u00e9sre az \u00fczemeltet\u0151 \u00e1ltal, de ha probl\u00e9m\u00e1t \u00e9szlel az jelzi a felhaszn\u00e1l\u00f3nak \u00e9s ha arra nem reag\u00e1l a hirdet\u00e9s t\u00f6rl\u00e9sre ker\u00fcl!<\/p><p>Regisztr\u00e1ci\u00f3 ut\u00e1n a telefonsz\u00e1m \u00e9s az e-mail c\u00edm is m\u00f3dos\u00edthat\u00f3!<\/p><p>Regisztr\u00e1ci\u00f3 sor\u00e1n meg kell adni egy felhaszn\u00e1l\u00f3nevet, jelszav\u00e1t, egy val\u00f3s nevet, illetve e-mail c\u00edmet, \u00e9s egy val\u00f3s telefonsz\u00e1mot!<\/p><p>Fontos: Ezut\u00e1n egy ellen\u0151rz\u0151 e-mail \u00e9rkezik a fi\u00f3kj\u00e1ba, amin egy meger\u0151s\u00edt\u0151 link tal\u00e1lhat\u00f3, amin kereszt\u00fcl a regisztr\u00e1lt felhaszn\u00e1l\u00f3 hiteles\u00edti mag\u00e1t, ha ezt nem teszi meg addig nem akt\u00edv a fi\u00f3kja!<\/p><p>Alkatr\u00e9szek \u00e9s kieg\u00e9sz\u00edt\u0151k hirdet\u00e9sben megengedett, hogy egy hirdet\u00e9sen bel\u00fcl esetlegesen t\u00f6bb term\u00e9k szerepeljen.<\/p><p>Az elad\u00e1s sor\u00e1n kell\u0151 k\u00f6r\u00fcltekint\u00e9ssel j\u00e1rjon el, csak abban az esetben egyezzen bele az elad\u00e1sba, ha megbizonyosodott a vev\u0151 hiteless\u00e9g\u00e9r\u0151l. Lehet\u0151leg t\u00f6rekedjen a szem\u00e9lyes \u00e1tv\u00e9telre. <\/p><p>Amennyiben postai \u00faton, vagy fut\u00e1rszolg\u00e1lattal juttatn\u00e1 el a hirdetett term\u00e9ket v\u00e1rja meg m\u00edg a p\u00e9nz meg\u00e9rkezik \u00f6nh\u00f6z.<\/p><p>T\u00f6bb cikket is \u00edrtunk a csal\u00f3k elh\u00e1r\u00edt\u00e1sa \u00e9rdek\u00e9ben, k\u00e9rj\u00fck olvassa el figyelmesen!<\/p><p>Minden hirdet\u00e9s megoszthat\u00f3, \u00e9s aj\u00e1nlott is!<\/p><p>Minden felhaszn\u00e1l\u00f3nk korl\u00e1tlan mennyis\u00e9g\u0171 hirdet\u00e9st adhat fel.<\/p><p>A felhaszn\u00e1l\u00f3k hirdet\u00e9senk\u00e9nt 10db k\u00e9pet t\u00f6lthetnek fel.<\/p><p>A felhaszn\u00e1l\u00f3i fi\u00f3k megsz\u00fcntet\u00e9s\u00e9t a regisztr\u00e1ci\u00f3kor megadott emailc\u00edmr\u0151l k\u00fcld\u00f6tt lev\u00e9lben lehet kezdem\u00e9nyezni.<\/p><p>A regisztr\u00e1lt felhaszn\u00e1l\u00f3k a saj\u00e1t hirdet\u00e9seiket bejelentkez\u00e9s ut\u00e1n t\u00f6r\u00f6lhetik.<\/p><p>Ha b\u00e1rmi k\u00e9rd\u00e9s mer\u00fclne fel az oldal haszn\u00e1lat\u00e1val kapcsolatban k\u00e9rem keressen meg minket a megadott e-mail c\u00edmen \u00e9s mihamarabb v\u00e1laszolunk a k\u00e9rd\u00e9s\u00e9re!<\/p><p><strong>Vev\u0151kre vonatkoz\u00f3 szab\u00e1lyok \u00e9s elj\u00e1r\u00e1srend:<\/strong><\/p><p>V\u00e1s\u00e1rl\u00e1s sor\u00e1n legy\u00fcnk k\u00f6r\u00fcltekint\u0151ek!<\/p><p>Lehet\u0151s\u00e9g szerint t\u00f6rekedj\u00fcnk a szem\u00e9lyes \u00e1tv\u00e9telre!<\/p><p>Ha lehet\u0151s\u00e9g\u00fcnk van, akkor egy \u00e1ltalunk megjel\u00f6lt \u00f3r\u00e1s-m\u0171helyben, szervizben vegy\u00fck \u00e1t a term\u00e9ket, ahol esetlegesen kik\u00e9rhetj\u00fck a szakember v\u00e9lem\u00e9ny\u00e9t.<\/p><p>Vev\u0151 felel\u0151ss\u00e9ge meggy\u0151z\u0151dni az \u00e1ltala v\u00e1s\u00e1rolt term\u00e9k hiteless\u00e9g\u00e9r\u0151l \u00e9s val\u00f3dis\u00e1g\u00e1r\u00f3l.<\/p><p>Minden hirdet\u00e9s adminisztr\u00e1tori enged\u00e9llyel hirdethet\u0151, de az adminisztr\u00e1tornak nem felel\u0151ss\u00e9ge eld\u00f6nteni a hirdet\u00e9s hiteless\u00e9g\u00e9t \u00e9s az esetleges kellemetlens\u00e9gek\u00e9rt ut\u00f3lagosan felel\u0151ss\u00e9gre nem vonhat\u00f3.<\/p><p>A jelen \u00e1ltal\u00e1nos felhaszn\u00e1l\u00e1si felt\u00e9telekre a magyar jog az ir\u00e1nyad\u00f3.<\/p><p>Jelen \u00e1ltal\u00e1nos szerz\u0151d\u00e9si felt\u00e9telekben nem szab\u00e1lyozott k\u00e9rd\u00e9sekben a Polg\u00e1ri T\u00f6rv\u00e9nyk\u00f6nyv \u00e9s az egy\u00e9b hat\u00e1lyos jogszab\u00e1lyok vonatkoz\u00f3 rendelkez\u00e9sei az ir\u00e1nyad\u00f3k.<\/p><p>Jelen \u00c1SZF 2023. 05. 08. napj\u00e1n l\u00e9p hat\u00e1lyba.<\/p><p>J\u00f3 elad\u00e1st, \u00e9s j\u00f3 v\u00e1s\u00e1rl\u00e1st k\u00edv\u00e1nunk!<\/p><p><strong>Haszn\u00e1lt-\u00f3ra.hu<br><\/strong>www.hasznalt-ora.hu<br>info@hasznalt-ora.hu<\/p>","protected":false},"excerpt":{"rendered":"<p>M\u0171k\u00f6d\u00e9si szab\u00e1lyzat (a tov\u00e1bbiakban: \u00c1SZF) 2023. 05. 08. NAPJ\u00c1T\u00d3L HAT\u00c1LYOS A jelen felhaszn\u00e1l\u00e1si felt\u00e9telek (a tov\u00e1bbiakban: Szab\u00e1lyzat) Szijj\u00e1rt\u00f3 \u00e9s Fia Bt., a tov\u00e1bbiakban: \u00dczemeltet\u0151) \u00e1ltal \u00fczemeltetett www.hasznalt-ora.hu internetes weboldalon (tov\u00e1bbiakban: Weboldal) kereszt\u00fcl el\u00e9rhet\u0151 szolg\u00e1ltat\u00e1sok (a tov\u00e1bbiakban: Szolg\u00e1ltat\u00e1s) ig\u00e9nybev\u00e9tel\u00e9nek \u00e9s a Weblap haszn\u00e1lat\u00e1nak felt\u00e9teleit tartalmazza. Az oldal \u00fczemeltet\u0151je: Szijj\u00e1rt\u00f3 \u00e9s Fia Bt. 1173 Budapest, \u00c1sv\u00e1ny utca&#8230;<\/p>","protected":false},"author":4916,"featured_media":0,"parent":0,"menu_order":0,"comment_status":"closed","ping_status":"closed","template":"","meta":{"footnotes":""},"class_list":["post-2884","page","type-page","status-publish","hentry"],"yoast_head":"<!-- This site is optimized with the Yoast SEO plugin v26.3 - https:\/\/yoast.com\/wordpress\/plugins\/seo\/ -->\n<title>M\u0171k\u00f6d\u00e9si szab\u00e1lyzat - HASZN\u00c1LT-\u00d3RA.HU<\/title>\n<meta name=\"robots\" content=\"index, follow, max-snippet:-1, max-image-preview:large, max-video-preview:-1\" \/>\n<link rel=\"canonical\" href=\"https:\/\/hasznalt-ora.hu\/en\/mukodesi-szabalyzat\/\" \/>\n<meta name=\"twitter:label1\" content=\"Est. reading time\" \/>\n\t<meta name=\"twitter:data1\" content=\"7 minutes\" \/>\n<script type=\"application\/ld+json\" class=\"yoast-schema-graph\">{\"@context\":\"https:\/\/schema.org\",\"@graph\":[{\"@type\":\"WebPage\",\"@id\":\"https:\/\/hasznalt-ora.hu\/mukodesi-szabalyzat\/\",\"url\":\"https:\/\/hasznalt-ora.hu\/mukodesi-szabalyzat\/\",\"name\":\"M\u0171k\u00f6d\u00e9si szab\u00e1lyzat - HASZN\u00c1LT-\u00d3RA.HU\",\"isPartOf\":{\"@id\":\"https:\/\/hasznalt-ora.hu\/#website\"},\"datePublished\":\"2021-07-18T09:32:50+00:00\",\"dateModified\":\"2023-05-14T16:46:57+00:00\",\"breadcrumb\":{\"@id\":\"https:\/\/hasznalt-ora.hu\/mukodesi-szabalyzat\/#breadcrumb\"},\"inLanguage\":\"en-US\",\"potentialAction\":[{\"@type\":\"ReadAction\",\"target\":[\"https:\/\/hasznalt-ora.hu\/mukodesi-szabalyzat\/\"]}]},{\"@type\":\"BreadcrumbList\",\"@id\":\"https:\/\/hasznalt-ora.hu\/mukodesi-szabalyzat\/#breadcrumb\",\"itemListElement\":[{\"@type\":\"ListItem\",\"position\":1,\"name\":\"Kezd\u0151lap\",\"item\":\"https:\/\/hasznalt-ora.hu\/\"},{\"@type\":\"ListItem\",\"position\":2,\"name\":\"M\u0171k\u00f6d\u00e9si szab\u00e1lyzat\"}]},{\"@type\":\"WebSite\",\"@id\":\"https:\/\/hasznalt-ora.hu\/#website\",\"url\":\"https:\/\/hasznalt-ora.hu\/\",\"name\":\"HASZN\u00c1LT-\u00d3RA.HU\",\"description\":\"A magyar haszn\u00e1lt \u00f3ra piact\u00e9r\",\"publisher\":{\"@id\":\"https:\/\/hasznalt-ora.hu\/#organization\"},\"potentialAction\":[{\"@type\":\"SearchAction\",\"target\":{\"@type\":\"EntryPoint\",\"urlTemplate\":\"https:\/\/hasznalt-ora.hu\/?s={search_term_string}\"},\"query-input\":{\"@type\":\"PropertyValueSpecification\",\"valueRequired\":true,\"valueName\":\"search_term_string\"}}],\"inLanguage\":\"en-US\"},{\"@type\":\"Organization\",\"@id\":\"https:\/\/hasznalt-ora.hu\/#organization\",\"name\":\"HASZN\u00c1LT-\u00d3RA.HU\",\"url\":\"https:\/\/hasznalt-ora.hu\/\",\"logo\":{\"@type\":\"ImageObject\",\"inLanguage\":\"en-US\",\"@id\":\"https:\/\/hasznalt-ora.hu\/#\/schema\/logo\/image\/\",\"url\":\"https:\/\/hasznalt-ora.hu\/wp-content\/uploads\/2021\/07\/hasznalt_ora_k_2-scaled.jpg\",\"contentUrl\":\"https:\/\/hasznalt-ora.hu\/wp-content\/uploads\/2021\/07\/hasznalt_ora_k_2-scaled.jpg\",\"width\":2560,\"height\":1612,\"caption\":\"HASZN\u00c1LT-\u00d3RA.HU\"},\"image\":{\"@id\":\"https:\/\/hasznalt-ora.hu\/#\/schema\/logo\/image\/\"},\"sameAs\":[\"https:\/\/www.facebook.com\/groups\/hasznaltorakpiactere\"]}]}<\/script>\n<!-- \/ Yoast SEO plugin. -->","yoast_head_json":{"title":"M\u0171k\u00f6d\u00e9si szab\u00e1lyzat - HASZN\u00c1LT-\u00d3RA.HU","robots":{"index":"index","follow":"follow","max-snippet":"max-snippet:-1","max-image-preview":"max-image-preview:large","max-video-preview":"max-video-preview:-1"},"canonical":"https:\/\/hasznalt-ora.hu\/en\/mukodesi-szabalyzat\/","twitter_misc":{"Est. reading time":"7 minutes"},"schema":{"@context":"https:\/\/schema.org","@graph":[{"@type":"WebPage","@id":"https:\/\/hasznalt-ora.hu\/mukodesi-szabalyzat\/","url":"https:\/\/hasznalt-ora.hu\/mukodesi-szabalyzat\/","name":"M\u0171k\u00f6d\u00e9si szab\u00e1lyzat - HASZN\u00c1LT-\u00d3RA.HU","isPartOf":{"@id":"https:\/\/hasznalt-ora.hu\/#website"},"datePublished":"2021-07-18T09:32:50+00:00","dateModified":"2023-05-14T16:46:57+00:00","breadcrumb":{"@id":"https:\/\/hasznalt-ora.hu\/mukodesi-szabalyzat\/#breadcrumb"},"inLanguage":"en-US","potentialAction":[{"@type":"ReadAction","target":["https:\/\/hasznalt-ora.hu\/mukodesi-szabalyzat\/"]}]},{"@type":"BreadcrumbList","@id":"https:\/\/hasznalt-ora.hu\/mukodesi-szabalyzat\/#breadcrumb","itemListElement":[{"@type":"ListItem","position":1,"name":"Kezd\u0151lap","item":"https:\/\/hasznalt-ora.hu\/"},{"@type":"ListItem","position":2,"name":"M\u0171k\u00f6d\u00e9si szab\u00e1lyzat"}]},{"@type":"WebSite","@id":"https:\/\/hasznalt-ora.hu\/#website","url":"https:\/\/hasznalt-ora.hu\/","name":"HASZN\u00c1LT-\u00d3RA.HU","description":"A magyar haszn\u00e1lt \u00f3ra piact\u00e9r","publisher":{"@id":"https:\/\/hasznalt-ora.hu\/#organization"},"potentialAction":[{"@type":"SearchAction","target":{"@type":"EntryPoint","urlTemplate":"https:\/\/hasznalt-ora.hu\/?s={search_term_string}"},"query-input":{"@type":"PropertyValueSpecification","valueRequired":true,"valueName":"search_term_string"}}],"inLanguage":"en-US"},{"@type":"Organization","@id":"https:\/\/hasznalt-ora.hu\/#organization","name":"HASZN\u00c1LT-\u00d3RA.HU","url":"https:\/\/hasznalt-ora.hu\/","logo":{"@type":"ImageObject","inLanguage":"en-US","@id":"https:\/\/hasznalt-ora.hu\/#\/schema\/logo\/image\/","url":"https:\/\/hasznalt-ora.hu\/wp-content\/uploads\/2021\/07\/hasznalt_ora_k_2-scaled.jpg","contentUrl":"https:\/\/hasznalt-ora.hu\/wp-content\/uploads\/2021\/07\/hasznalt_ora_k_2-scaled.jpg","width":2560,"height":1612,"caption":"HASZN\u00c1LT-\u00d3RA.HU"},"image":{"@id":"https:\/\/hasznalt-ora.hu\/#\/schema\/logo\/image\/"},"sameAs":["https:\/\/www.facebook.com\/groups\/hasznaltorakpiactere"]}]}},"_links":{"self":[{"href":"https:\/\/hasznalt-ora.hu\/en\/wp-json\/wp\/v2\/pages\/2884","targetHints":{"allow":["GET"]}}],"collection":[{"href":"https:\/\/hasznalt-ora.hu\/en\/wp-json\/wp\/v2\/pages"}],"about":[{"href":"https:\/\/hasznalt-ora.hu\/en\/wp-json\/wp\/v2\/types\/page"}],"author":[{"embeddable":true,"href":"https:\/\/hasznalt-ora.hu\/en\/wp-json\/wp\/v2\/users\/4916"}],"replies":[{"embeddable":true,"href":"https:\/\/hasznalt-ora.hu\/en\/wp-json\/wp\/v2\/comments?post=2884"}],"version-history":[{"count":4,"href":"https:\/\/hasznalt-ora.hu\/en\/wp-json\/wp\/v2\/pages\/2884\/revisions"}],"predecessor-version":[{"id":19430,"href":"https:\/\/hasznalt-ora.hu\/en\/wp-json\/wp\/v2\/pages\/2884\/revisions\/19430"}],"wp:attachment":[{"href":"https:\/\/hasznalt-ora.hu\/en\/wp-json\/wp\/v2\/media?parent=2884"}],"curies":[{"name":"wp","href":"https:\/\/api.w.org\/{rel}","templated":true}]}}